{"id":8744,"date":"2024-11-07T06:05:49","date_gmt":"2024-11-07T05:05:49","guid":{"rendered":"https:\/\/www.bioscore.info\/legal-notice\/"},"modified":"2025-12-29T10:39:33","modified_gmt":"2025-12-29T09:39:33","slug":"legal-notice","status":"publish","type":"page","link":"https:\/\/www.bioscore.info\/en\/legal-notice\/","title":{"rendered":"Legal Notice"},"content":{"rendered":"\t\t<div data-elementor-type=\"wp-page\" data-elementor-id=\"8744\" class=\"elementor elementor-8744 elementor-6588\">\n\t\t\t\t<div class=\"elementor-element elementor-element-47143d68 e-flex e-con-boxed e-con e-parent\" data-id=\"47143d68\" data-element_type=\"container\" data-e-type=\"container\">\n\t\t\t\t\t<div class=\"e-con-inner\">\n\t\t\t\t<div class=\"elementor-element elementor-element-74ba3ec1 elementor-widget elementor-widget-text-editor\" data-id=\"74ba3ec1\" data-element_type=\"widget\" data-e-type=\"widget\" data-widget_type=\"text-editor.default\">\n\t\t\t\t<div class=\"elementor-widget-container\">\n\t\t\t\t\t\t\t\t\t<p>The use of this website and its services imply the reading, understanding, and acceptance of this legal notice by the user.<\/p><p>In compliance with the provisions of Law 34\/2002, dated July 11, 2002, on Information Society Services and Electronic Commerce, we inform you of the following aspects:<\/p><p>&#8211; Responsible for the website is: BIOSCORE SOSTENIBLE, S.L..<\/p><p>&#8211; Address: PL. NOU MOLES, 7 &#8211; 7 46018 VALENCIA.<\/p><p>&#8211; Contact e-mail address: victor@bioscore.info<\/p><p>&#8211; NIF\/CIF: B02736098<\/p><p>&#8211; The owner of the office is V\u00cdCTOR MONZ\u00d3N MONTALB\u00c1.<\/p><p>The user voluntarily and expressly accepts that the use of the Site <em>www.bioscore.info<\/em> is in any case under his sole and exclusive responsibility.<\/p><p>In using the Site <em>www.bioscore.info<\/em>, the user undertakes not to engage in any conduct that could damage the image, interests and rights of the website or third parties or that could damage, disable or overload it, or in any way prevent the regular use of the same.<\/p><p>The Contents of the Site <em>www.bioscore.info<\/em> is made available to the User by BIOSCORE SOSTENIBLE, S.L. with information from both own and third-party sources.<\/p><p><em>www.bioscore.info<\/em> endeavours to ensure that the Contents are of the highest possible quality and are reasonably up to date, but BIOSCORE SOSTENIBLE, S.L. does not guarantee the usefulness, accuracy, completeness, relevance and timeliness of the Contents.<\/p><p>No intellectual or industrial property rights are transferred over the Site <em>www.bioscore.info<\/em> nor any of its integral elements through these General Conditions. It is expressly forbidden to the user the reproduction, transformation, distribution, public communication, making available, extraction, reuse, resending or use of any nature, by any means or procedure, of any of them, except in those cases where it is legally permitted or authorized by the owner of the relevant rights.<\/p><p>These General Conditions are governed by Spanish Law.<\/p>\t\t\t\t\t\t\t\t<\/div>\n\t\t\t\t<\/div>\n\t\t\t\t\t<\/div>\n\t\t\t\t<\/div>\n\t\t\t\t<\/div>\n\t\t","protected":false},"excerpt":{"rendered":"<p>The use of this website and its services imply the reading, understanding, and acceptance of this legal notice by the user. In compliance with the provisions of Law 34\/2002, dated July 11, 2002, on Information Society Services and Electronic Commerce, we inform you of the following aspects: &#8211; Responsible for the website is: BIOSCORE SOSTENIBLE, [&hellip;]<\/p>\n","protected":false},"author":1,"featured_media":0,"parent":0,"menu_order":0,"comment_status":"closed","ping_status":"closed","template":"","meta":{"give_campaign_id":0,"footnotes":""},"class_list":["post-8744","page","type-page","status-publish","hentry"],"campaignId":"","_links":{"self":[{"href":"https:\/\/www.bioscore.info\/en\/wp-json\/wp\/v2\/pages\/8744","targetHints":{"allow":["GET"]}}],"collection":[{"href":"https:\/\/www.bioscore.info\/en\/wp-json\/wp\/v2\/pages"}],"about":[{"href":"https:\/\/www.bioscore.info\/en\/wp-json\/wp\/v2\/types\/page"}],"author":[{"embeddable":true,"href":"https:\/\/www.bioscore.info\/en\/wp-json\/wp\/v2\/users\/1"}],"replies":[{"embeddable":true,"href":"https:\/\/www.bioscore.info\/en\/wp-json\/wp\/v2\/comments?post=8744"}],"version-history":[{"count":0,"href":"https:\/\/www.bioscore.info\/en\/wp-json\/wp\/v2\/pages\/8744\/revisions"}],"wp:attachment":[{"href":"https:\/\/www.bioscore.info\/en\/wp-json\/wp\/v2\/media?parent=8744"}],"curies":[{"name":"wp","href":"https:\/\/api.w.org\/{rel}","templated":true}]}}